{"id":2,"date":"2025-03-20T15:26:16","date_gmt":"2025-03-20T15:26:16","guid":{"rendered":"https:\/\/wpmanage.davidt.cloud\/?page_id=2"},"modified":"2025-03-22T08:14:06","modified_gmt":"2025-03-22T07:14:06","slug":"sample-page","status":"publish","type":"page","link":"https:\/\/wpmanage.davidt.cloud\/","title":{"rendered":"Willkommen auf wpmanage.davidt.cloud!"},"content":{"rendered":"\n<p>Diese Plattform dient der zentralen Verwaltung von WordPress-Installationen. Falls eine Website mit dem MainWP Child Plugin verbunden wurde, ist sie in ein Management-System integriert, das Updates, Sicherheitspatches und Backups effizient steuert.<\/p>\n\n\n\n<p>Diese Seite ist ausschlie\u00dflich f\u00fcr interne Zwecke und bietet keine direkte Anmeldung f\u00fcr Kunden. Weitere Informationen zu professionellen Hosting- und IT-Services sind auf <a href=\"https:\/\/davidt.de\">davidt.de<\/a> verf\u00fcgbar.<\/p>\n\n\n\n<h3 class=\"wp-block-heading\">Maximale Performance &#038; Sicherheit f\u00fcr WordPress<\/h3>\n\n\n\n<ul class=\"wp-block-list\">\n    <li>\u2705 <strong>Blitzschnelle Ladezeiten<\/strong> durch <strong>Redis Object Cache<\/strong> und <strong>Varnish Cache<\/strong><\/li>\n    <li>\u2705 <strong>Optimierte Server-Infrastruktur<\/strong> mit den neuesten PHP-Versionen und HTTP\/3-Unterst\u00fctzung<\/li>\n    <li>\u2705 <strong>H\u00f6chste Sicherheit<\/strong> durch <strong>modernste Verschl\u00fcsselung (TLS 1.3)<\/strong> und strenge Sicherheitsrichtlinien<\/li>\n    <li>\u2705 <strong>Effiziente Ressourcenverwaltung<\/strong> auf einer leistungsstarken, speziell f\u00fcr WordPress optimierten VPS-Umgebung<\/li>\n    <li>\u2705 <strong>Schnelle Reaktionszeiten<\/strong> durch Cloudflare-Integration f\u00fcr bestm\u00f6gliche Performance<\/li>\n<\/ul>\n\n\n\n<p>Eine ma\u00dfgeschneiderte L\u00f6sung f\u00fcr sicheres und leistungsstarkes Hosting. Mehr Informationen unter <a href=\"https:\/\/davidt.de\">davidt.de<\/a>.<\/p>\n","protected":false},"excerpt":{"rendered":"<p>Diese Plattform dient der zentralen Verwaltung von WordPress-Installationen. Falls eine Website mit dem MainWP Child Plugin verbunden wurde, ist sie in ein Management-System integriert, das Updates, Sicherheitspatches und Backups effizient steuert. Diese Seite ist ausschlie\u00dflich f\u00fcr interne Zwecke und bietet keine direkte Anmeldung f\u00fcr Kunden. Weitere Informationen zu professionellen Hosting- und IT-Services sind auf davidt.de [&hellip;]<\/p>\n","protected":false},"author":1,"featured_media":13,"parent":0,"menu_order":0,"comment_status":"closed","ping_status":"open","template":"","meta":{"footnotes":""},"class_list":["post-2","page","type-page","status-publish","has-post-thumbnail","hentry"],"_links":{"self":[{"href":"https:\/\/wpmanage.davidt.cloud\/index.php?rest_route=\/wp\/v2\/pages\/2","targetHints":{"allow":["GET"]}}],"collection":[{"href":"https:\/\/wpmanage.davidt.cloud\/index.php?rest_route=\/wp\/v2\/pages"}],"about":[{"href":"https:\/\/wpmanage.davidt.cloud\/index.php?rest_route=\/wp\/v2\/types\/page"}],"author":[{"embeddable":true,"href":"https:\/\/wpmanage.davidt.cloud\/index.php?rest_route=\/wp\/v2\/users\/1"}],"replies":[{"embeddable":true,"href":"https:\/\/wpmanage.davidt.cloud\/index.php?rest_route=%2Fwp%2Fv2%2Fcomments&post=2"}],"version-history":[{"count":2,"href":"https:\/\/wpmanage.davidt.cloud\/index.php?rest_route=\/wp\/v2\/pages\/2\/revisions"}],"predecessor-version":[{"id":9,"href":"https:\/\/wpmanage.davidt.cloud\/index.php?rest_route=\/wp\/v2\/pages\/2\/revisions\/9"}],"wp:featuredmedia":[{"embeddable":true,"href":"https:\/\/wpmanage.davidt.cloud\/index.php?rest_route=\/wp\/v2\/media\/13"}],"wp:attachment":[{"href":"https:\/\/wpmanage.davidt.cloud\/index.php?rest_route=%2Fwp%2Fv2%2Fmedia&parent=2"}],"curies":[{"name":"wp","href":"https:\/\/api.w.org\/{rel}","templated":true}]}}